{"id":16,"date":"2022-07-01T15:00:43","date_gmt":"2022-07-01T15:00:43","guid":{"rendered":"https:\/\/terminologigruppen.sdu.dk\/?page_id=16"},"modified":"2022-11-02T15:25:30","modified_gmt":"2022-11-02T14:25:30","slug":"medlemsliste","status":"publish","type":"page","link":"https:\/\/terminologigruppen.sdu.dk\/index.php\/medlemsliste\/","title":{"rendered":"Medlemsliste"},"content":{"rendered":"\n<p>Af&nbsp;aeo.danterm, 21. January 2010 15:40<\/p>\n\n\n\n<p>Medlemmer:<\/p>\n\n\n\n<ul class=\"wp-block-list\">\n<li><a href=\"http:\/\/cst.ku.dk\/\">Center for Sprogteknologi, K\u00f8benhavns Universitet<\/a><\/li>\n\n\n\n<li><a href=\"https:\/\/www.consilium.europa.eu\/da\/contact\/\" data-type=\"URL\" data-id=\"https:\/\/www.consilium.europa.eu\/da\/contact\/\">R\u00e5det for Den Europ\u00e6iske Union, Den danske overs\u00e6ttelsesenhed<\/a><\/li>\n\n\n\n<li><a href=\"http:\/\/www.cbs.dk\/forskning\/institutter_centre\/institutter\/isv\">Institut for International Business Communication, Copenhagen Business School<\/a><\/li>\n\n\n\n<li><a href=\"http:\/\/www.translatorforeningen.dk\/\">Translat\u00f8rforeningen<\/a><\/li>\n\n\n\n<li><a href=\"http:\/\/www.kommunikationogsprog.dk\/\">Kommunikation og Sprog<\/a><\/li>\n\n\n\n<li><a href=\"http:\/\/www.ds.dk\/\">Dansk Standard<\/a><\/li>\n\n\n\n<li><a href=\"http:\/\/www.sdu.dk\/om_sdu\/institutter_centre\/idk\">Institut for Design og Kommunikation, Syddansk Universitet<\/a><\/li>\n\n\n\n<li><a href=\"http:\/\/www.dsn.dk\/\">Dansk Sprogn\u00e6vn<\/a><\/li>\n\n\n\n<li><a rel=\"noreferrer noopener\" href=\"https:\/\/cc.au.dk\/lexicography\" data-type=\"URL\" data-id=\"https:\/\/cc.au.dk\/lexicography\" target=\"_blank\">Centre for Lexicography, Institut for Kommunikation og Kultur,&nbsp; Aarhus Universitet<\/a><\/li>\n\n\n\n<li><a href=\"http:\/\/FORVIR - Forum for Videnmodellering i Offentligt Regi | Groups | LinkedIn\">FORVIR<\/a><\/li>\n\n\n\n<li><a href=\"https:\/\/www.linkedin.com\/groups\/8458696\/\">Sprogambassad\u00f8rerne<\/a><\/li>\n<\/ul>\n\n\n\n<p><\/p>\n","protected":false},"excerpt":{"rendered":"<p>Af&nbsp;aeo.danterm, 21. January 2010 15:40 Medlemmer:<\/p>\n","protected":false},"author":1,"featured_media":0,"parent":0,"menu_order":0,"comment_status":"closed","ping_status":"closed","template":"","meta":{"footnotes":""},"class_list":["post-16","page","type-page","status-publish","hentry"],"_links":{"self":[{"href":"https:\/\/terminologigruppen.sdu.dk\/index.php\/wp-json\/wp\/v2\/pages\/16","targetHints":{"allow":["GET"]}}],"collection":[{"href":"https:\/\/terminologigruppen.sdu.dk\/index.php\/wp-json\/wp\/v2\/pages"}],"about":[{"href":"https:\/\/terminologigruppen.sdu.dk\/index.php\/wp-json\/wp\/v2\/types\/page"}],"author":[{"embeddable":true,"href":"https:\/\/terminologigruppen.sdu.dk\/index.php\/wp-json\/wp\/v2\/users\/1"}],"replies":[{"embeddable":true,"href":"https:\/\/terminologigruppen.sdu.dk\/index.php\/wp-json\/wp\/v2\/comments?post=16"}],"version-history":[{"count":14,"href":"https:\/\/terminologigruppen.sdu.dk\/index.php\/wp-json\/wp\/v2\/pages\/16\/revisions"}],"predecessor-version":[{"id":247,"href":"https:\/\/terminologigruppen.sdu.dk\/index.php\/wp-json\/wp\/v2\/pages\/16\/revisions\/247"}],"wp:attachment":[{"href":"https:\/\/terminologigruppen.sdu.dk\/index.php\/wp-json\/wp\/v2\/media?parent=16"}],"curies":[{"name":"wp","href":"https:\/\/api.w.org\/{rel}","templated":true}]}}